{"id":4819,"date":"2026-01-15T19:39:51","date_gmt":"2026-01-15T19:39:51","guid":{"rendered":"https:\/\/marochandmade.com\/?post_type=product&#038;p=4819"},"modified":"2026-04-18T12:56:21","modified_gmt":"2026-04-18T12:56:21","slug":"giacca-atlas-bend","status":"publish","type":"product","link":"https:\/\/marochandmade.com\/?product=giacca-atlas-bend","title":{"rendered":"Giacca Atlas Bend"},"content":{"rendered":"<p>Giacca da donna Atlas Bend nella variante bianca, con lo straordinario filo di cotone garantisce una perfetta traspirazione mentre ti mantiene calda.<\/p>\n<p>Inconfutabile lo stile unico e distinto dalla manifattura artigianale personalizzabile in ogni dettaglio, questa variante \u00e8 caratterizzata da una lunghezza media e la benda elastica alle estremit\u00e0 delle maniche come la parte bassa, la rende pi\u00f9 pratica per un uso dinamico e per che fa pi\u00f9 movimento durante le giornate intense.<\/p>\n<p>Non garantiamo la fedelt\u00e0 dei colori al 100% dal momento che \u00e8 un prodotto artigianale fatto su misura su ogni ordinazione.<\/p>\n<p>ATTENZIONE: questo \u00e8 un modello personalizzato e viene realizzato su richiesta, dopo avere effettuato l&#8217;ordine riceverai una email dove ti sar\u00e0 chiesto di effettuare delle misurazioni personali che saranno la base della creazione del modello richiesto, chiediamo gentilmente di essere precisi il pi\u00f9 possibile con le misurazioni.<\/p>\n","protected":false},"excerpt":{"rendered":"<p>Giacca da donna Atlas Bend nella variante bianca, con lo straordinario filo di cotone garantisce una perfetta traspirazione mentre ti mantiene calda.<\/p>\n<p>&nbsp;<\/p>\n","protected":false},"featured_media":4824,"comment_status":"open","ping_status":"closed","template":"","meta":[],"product_cat":[33,34],"product_tag":[],"class_list":{"0":"post-4819","1":"product","2":"type-product","3":"status-publish","4":"has-post-thumbnail","6":"product_brand-atlas","7":"product_cat-donna","8":"product_cat-giacche","10":"first","11":"instock","12":"shipping-taxable","13":"purchasable","14":"product-type-simple","15":"col-xs-6 col-sm-4","16":"col-md-3 col-lg-2","17":"un-6-cols"},"_links":{"self":[{"href":"https:\/\/marochandmade.com\/index.php?rest_route=\/wp\/v2\/product\/4819","targetHints":{"allow":["GET"]}}],"collection":[{"href":"https:\/\/marochandmade.com\/index.php?rest_route=\/wp\/v2\/product"}],"about":[{"href":"https:\/\/marochandmade.com\/index.php?rest_route=\/wp\/v2\/types\/product"}],"replies":[{"embeddable":true,"href":"https:\/\/marochandmade.com\/index.php?rest_route=%2Fwp%2Fv2%2Fcomments&post=4819"}],"wp:featuredmedia":[{"embeddable":true,"href":"https:\/\/marochandmade.com\/index.php?rest_route=\/wp\/v2\/media\/4824"}],"wp:attachment":[{"href":"https:\/\/marochandmade.com\/index.php?rest_route=%2Fwp%2Fv2%2Fmedia&parent=4819"}],"wp:term":[{"taxonomy":"product_cat","embeddable":true,"href":"https:\/\/marochandmade.com\/index.php?rest_route=%2Fwp%2Fv2%2Fproduct_cat&post=4819"},{"taxonomy":"product_tag","embeddable":true,"href":"https:\/\/marochandmade.com\/index.php?rest_route=%2Fwp%2Fv2%2Fproduct_tag&post=4819"}],"curies":[{"name":"wp","href":"https:\/\/api.w.org\/{rel}","templated":true}]}}